{"id":106,"date":"2024-04-18T08:16:50","date_gmt":"2024-04-18T08:16:50","guid":{"rendered":"https:\/\/fyutja.com\/our-story\/"},"modified":"2024-07-23T12:50:47","modified_gmt":"2024-07-23T12:50:47","slug":"ueber-uns","status":"publish","type":"page","link":"https:\/\/fyutja.com\/en\/ueber-uns\/","title":{"rendered":"About Us"},"content":{"rendered":"<div data-elementor-type=\"wp-page\" data-elementor-id=\"106\" class=\"elementor elementor-106\">\n\t\t\t\t<div class=\"elementor-element elementor-element-7cac7df e-flex e-con-boxed e-con e-parent\" data-id=\"7cac7df\" data-element_type=\"container\" data-e-type=\"container\" data-settings=\"{&quot;background_background&quot;:&quot;classic&quot;}\">\n\t\t\t\t\t<div class=\"e-con-inner\">\n\t\t\t\t<div class=\"elementor-element elementor-element-ba2eacf elementor-invisible elementor-widget elementor-widget-heading\" data-id=\"ba2eacf\" data-element_type=\"widget\" data-e-type=\"widget\" data-settings=\"{&quot;_animation&quot;:&quot;fadeInUp&quot;}\" data-widget_type=\"heading.default\">\n\t\t\t\t<div class=\"elementor-widget-container\">\n\t\t\t\t\t<h2 class=\"elementor-heading-title elementor-size-default\">Our Story<\/h2>\t\t\t\t<\/div>\n\t\t\t\t<\/div>\n\t\t\t\t\t<\/div>\n\t\t\t\t<\/div>\n\t\t<div class=\"elementor-element elementor-element-23620e3 e-flex e-con-boxed e-con e-parent\" data-id=\"23620e3\" data-element_type=\"container\" data-e-type=\"container\">\n\t\t\t\t\t<div class=\"e-con-inner\">\n\t\t\t\t<div class=\"elementor-element elementor-element-38294d5 elementor-widget elementor-widget-text-editor\" data-id=\"38294d5\" data-element_type=\"widget\" data-e-type=\"widget\" data-widget_type=\"text-editor.default\">\n\t\t\t\t<div class=\"elementor-widget-container\">\n\t\t\t\t\t\t\t\t\t<p>The founding of our company was characterised by a deep desire for change through the digitalisation of outdated\u00a0<span style=\"color: var( --e-global-color-text ); font-family: var( --e-global-typography-text-font-family ), Sans-serif; font-size: var( --e-global-typography-text-font-size ); font-style: var( --e-global-typography-text-font-style ); font-weight: var( --e-global-typography-text-font-weight ); letter-spacing: var( --e-global-typography-text-letter-spacing ); text-transform: var( --e-global-typography-text-text-transform ); background-color: var( --e-global-color-c696dce );\">and inefficient\u00a0<\/span><span style=\"font-style: inherit; font-weight: inherit; color: var( --e-global-color-text ); font-family: var( --e-global-typography-text-font-family ), Sans-serif; letter-spacing: var( --e-global-typography-text-letter-spacing ); text-transform: var( --e-global-typography-text-text-transform ); background-color: var( --e-global-color-c696dce );\">processes and a clear commitment to sustainability. It is crucial for us to make a contribution and set a new standard in the textile industry.<\/span><\/p><p><span style=\"background-color: var( --e-global-color-c696dce ); color: var( --e-global-color-text ); font-family: var( --e-global-typography-text-font-family ), Sans-serif; font-style: inherit; font-weight: inherit; letter-spacing: var( --e-global-typography-text-letter-spacing ); text-transform: var( --e-global-typography-text-text-transform );\">Our journey began with the realisation that <\/span><span style=\"background-color: var( --e-global-color-c696dce ); color: var( --e-global-color-text ); font-family: var( --e-global-typography-text-font-family ), Sans-serif; font-style: inherit; letter-spacing: var( --e-global-typography-text-letter-spacing ); text-transform: var( --e-global-typography-text-text-transform );\">Sustainability<\/span><span style=\"background-color: var( --e-global-color-c696dce ); color: var( --e-global-color-text ); font-family: var( --e-global-typography-text-font-family ), Sans-serif; font-style: inherit; font-weight: inherit; letter-spacing: var( --e-global-typography-text-letter-spacing ); text-transform: var( --e-global-typography-text-text-transform );\"> is a fundamental principle for us that we want to follow. We are driven by the desire to manufacture high-quality products that are not only good for our customers but also for the environment.<\/span><span style=\"background-color: var( --e-global-color-c696dce ); color: var( --e-global-color-text ); font-family: var( --e-global-typography-text-font-family ), Sans-serif; font-style: inherit; font-weight: inherit; letter-spacing: var( --e-global-typography-text-letter-spacing ); text-transform: var( --e-global-typography-text-text-transform );\"> We attach great importance to trust, transparency and consistent quality. These principles ultimately led us to our production sites in Turkey.<\/span><\/p><p><span style=\"font-style: inherit; font-weight: inherit; color: var( --e-global-color-text ); font-family: var( --e-global-typography-text-font-family ), Sans-serif; letter-spacing: var( --e-global-typography-text-letter-spacing ); text-transform: var( --e-global-typography-text-text-transform ); background-color: var( --e-global-color-c696dce );\">This development was not only a milestone for our company, but also proof that it is possible to drive sustainable change in the industry. We are proud to be part of this movement and look forward to continuing to make a positive contribution in the future.<\/span><\/p><p>Our team combines many years of experience and expertise in the field of textile production with a keen understanding of our customers' needs. In addition to our extensive range of high-quality socks, we also offer customised <strong>textile consulting solutions<\/strong> .<\/p><p>Whether you need support with product development, the optimisation of your production processes or the selection of materials - we are at your side with our expertise.Our aim is to help you achieve your goals and become successful together<\/p>\t\t\t\t\t\t\t\t<\/div>\n\t\t\t\t<\/div>\n\t\t\t\t\t<\/div>\n\t\t\t\t<\/div>\n\t\t<div class=\"elementor-element elementor-element-5bef6e4 e-flex e-con-boxed e-con e-parent\" data-id=\"5bef6e4\" data-element_type=\"container\" data-e-type=\"container\" data-settings=\"{&quot;background_background&quot;:&quot;classic&quot;}\">\n\t\t\t\t\t<div class=\"e-con-inner\">\n\t\t\t\t<div class=\"elementor-element elementor-element-ee4ca79 elementor-widget elementor-widget-image\" data-id=\"ee4ca79\" data-element_type=\"widget\" data-e-type=\"widget\" data-widget_type=\"image.default\">\n\t\t\t\t<div class=\"elementor-widget-container\">\n\t\t\t\t\t\t\t\t\t\t\t\t\t\t\t<img fetchpriority=\"high\" decoding=\"async\" width=\"1024\" height=\"768\" src=\"https:\/\/fyutja.com\/wp-content\/uploads\/2024\/07\/English-Fyutja-Story-2.png\" class=\"attachment-full size-full wp-image-1894\" alt=\"\" srcset=\"https:\/\/fyutja.com\/wp-content\/uploads\/2024\/07\/English-Fyutja-Story-2.png 1024w, https:\/\/fyutja.com\/wp-content\/uploads\/2024\/07\/English-Fyutja-Story-2-300x225.png 300w, https:\/\/fyutja.com\/wp-content\/uploads\/2024\/07\/English-Fyutja-Story-2-768x576.png 768w, https:\/\/fyutja.com\/wp-content\/uploads\/2024\/07\/English-Fyutja-Story-2-16x12.png 16w\" sizes=\"(max-width: 1024px) 100vw, 1024px\" \/>\t\t\t\t\t\t\t\t\t\t\t\t\t\t\t<\/div>\n\t\t\t\t<\/div>\n\t\t\t\t\t<\/div>\n\t\t\t\t<\/div>\n\t\t<div class=\"elementor-element elementor-element-e90da6c e-con-full e-flex e-con e-parent\" data-id=\"e90da6c\" data-element_type=\"container\" data-e-type=\"container\">\n\t\t<div class=\"elementor-element elementor-element-3fd4905 e-con-full e-flex elementor-invisible e-con e-child\" data-id=\"3fd4905\" data-element_type=\"container\" data-e-type=\"container\" data-settings=\"{&quot;background_background&quot;:&quot;classic&quot;,&quot;animation&quot;:&quot;fadeInLeft&quot;}\">\n\t\t\t\t<\/div>\n\t\t<div class=\"elementor-element elementor-element-bec680d e-flex e-con-boxed elementor-invisible e-con e-child\" data-id=\"bec680d\" data-element_type=\"container\" data-e-type=\"container\" data-settings=\"{&quot;animation&quot;:&quot;fadeInRight&quot;}\">\n\t\t\t\t\t<div class=\"e-con-inner\">\n\t\t\t\t<div class=\"elementor-element elementor-element-c9958b8 elementor-widget elementor-widget-heading\" data-id=\"c9958b8\" data-element_type=\"widget\" data-e-type=\"widget\" data-widget_type=\"heading.default\">\n\t\t\t\t<div class=\"elementor-widget-container\">\n\t\t\t\t\t<h2 class=\"elementor-heading-title elementor-size-default\">Our Founders<\/h2>\t\t\t\t<\/div>\n\t\t\t\t<\/div>\n\t\t\t\t<div class=\"elementor-element elementor-element-7804608 elementor-widget elementor-widget-text-editor\" data-id=\"7804608\" data-element_type=\"widget\" data-e-type=\"widget\" data-widget_type=\"text-editor.default\">\n\t\t\t\t<div class=\"elementor-widget-container\">\n\t\t\t\t\t\t\t\t\t<p>Noel Nuri Yildiz brings extensive experience from the global insurance industry to FYUTJA's sock production and enriches our team as a recognised strategy expert. His strategic thinking and deep understanding of complex markets are key factors in realising our long-term goals.<\/p>\n<p>Fabian Hold, Head of Operations, is characterised by his efficiency and precision in production control. His keen eye for detail and his ability to optimise processes ensure that our production runs smoothly and to a high standard.<\/p>\n<p>H\u00fcnkar G\u00fcrsoy leads our sales team with passion and convincing expertise.His extensive experience in building customer relationships and opening up new markets plays a decisive role in the global positioning of our socks.<\/p>\n<p>Together, Noel Nuri Yildiz, Fabian Hold, and H\u00fcnkar G\u00fcrsoy form a well-rehearsed and dynamic team that will take our sock production to new heights.<\/p>\t\t\t\t\t\t\t\t<\/div>\n\t\t\t\t<\/div>\n\t\t\t\t\t<\/div>\n\t\t\t\t<\/div>\n\t\t\t\t<\/div>\n\t\t\t\t<\/div>","protected":false},"excerpt":{"rendered":"<p>Our story Die Gr\u00fcndung unseres Unternehmens war gepr\u00e4gt von einem tiefen Wunsch nach Ver\u00e4nderung durch die Digitalisierung veralteter\u00a0und ineffizienter\u00a0Prozesse sowie [&hellip;]<\/p>\n","protected":false},"author":2,"featured_media":0,"parent":0,"menu_order":0,"comment_status":"closed","ping_status":"closed","template":"elementor_header_footer","meta":{"site-sidebar-layout":"default","site-content-layout":"","ast-site-content-layout":"default","site-content-style":"default","site-sidebar-style":"default","ast-global-header-display":"","ast-banner-title-visibility":"","ast-main-header-display":"","ast-hfb-above-header-display":"","ast-hfb-below-header-display":"","ast-hfb-mobile-header-display":"","site-post-title":"","ast-breadcrumbs-content":"","ast-featured-img":"","footer-sml-layout":"","ast-disable-related-posts":"","theme-transparent-header-meta":"","adv-header-id-meta":"","stick-header-meta":"","header-above-stick-meta":"","header-main-stick-meta":"","header-below-stick-meta":"","astra-migrate-meta-layouts":"default","ast-page-background-enabled":"default","ast-page-background-meta":{"desktop":{"background-color":"var(--ast-global-color-4)","background-image":"","background-repeat":"repeat","background-position":"center center","background-size":"auto","background-attachment":"scroll","background-type":"","background-media":"","overlay-type":"","overlay-color":"","overlay-opacity":"","overlay-gradient":""},"tablet":{"background-color":"","background-image":"","background-repeat":"repeat","background-position":"center center","background-size":"auto","background-attachment":"scroll","background-type":"","background-media":"","overlay-type":"","overlay-color":"","overlay-opacity":"","overlay-gradient":""},"mobile":{"background-color":"","background-image":"","background-repeat":"repeat","background-position":"center center","background-size":"auto","background-attachment":"scroll","background-type":"","background-media":"","overlay-type":"","overlay-color":"","overlay-opacity":"","overlay-gradient":""}},"ast-content-background-meta":{"desktop":{"background-color":"var(--ast-global-color-5)","background-image":"","background-repeat":"repeat","background-position":"center center","background-size":"auto","background-attachment":"scroll","background-type":"","background-media":"","overlay-type":"","overlay-color":"","overlay-opacity":"","overlay-gradient":""},"tablet":{"background-color":"var(--ast-global-color-5)","background-image":"","background-repeat":"repeat","background-position":"center center","background-size":"auto","background-attachment":"scroll","background-type":"","background-media":"","overlay-type":"","overlay-color":"","overlay-opacity":"","overlay-gradient":""},"mobile":{"background-color":"var(--ast-global-color-5)","background-image":"","background-repeat":"repeat","background-position":"center center","background-size":"auto","background-attachment":"scroll","background-type":"","background-media":"","overlay-type":"","overlay-color":"","overlay-opacity":"","overlay-gradient":""}},"footnotes":""},"class_list":["post-106","page","type-page","status-publish","hentry"],"_links":{"self":[{"href":"https:\/\/fyutja.com\/en\/wp-json\/wp\/v2\/pages\/106","targetHints":{"allow":["GET"]}}],"collection":[{"href":"https:\/\/fyutja.com\/en\/wp-json\/wp\/v2\/pages"}],"about":[{"href":"https:\/\/fyutja.com\/en\/wp-json\/wp\/v2\/types\/page"}],"author":[{"embeddable":true,"href":"https:\/\/fyutja.com\/en\/wp-json\/wp\/v2\/users\/2"}],"replies":[{"embeddable":true,"href":"https:\/\/fyutja.com\/en\/wp-json\/wp\/v2\/comments?post=106"}],"version-history":[{"count":200,"href":"https:\/\/fyutja.com\/en\/wp-json\/wp\/v2\/pages\/106\/revisions"}],"predecessor-version":[{"id":1897,"href":"https:\/\/fyutja.com\/en\/wp-json\/wp\/v2\/pages\/106\/revisions\/1897"}],"wp:attachment":[{"href":"https:\/\/fyutja.com\/en\/wp-json\/wp\/v2\/media?parent=106"}],"curies":[{"name":"wp","href":"https:\/\/api.w.org\/{rel}","templated":true}]}}